{"id":538,"date":"2025-04-25T22:30:15","date_gmt":"2025-04-25T21:30:15","guid":{"rendered":"https:\/\/www.ruppen.productions\/?page_id=538"},"modified":"2025-04-25T22:34:46","modified_gmt":"2025-04-25T21:34:46","slug":"538-2","status":"publish","type":"page","link":"https:\/\/www.ruppen.productions\/?page_id=538","title":{"rendered":"Datenschutzerkl\u00e4rung"},"content":{"rendered":"<p>[et_pb_section fb_built=&#8221;1&#8243; theme_builder_area=&#8221;post_content&#8221; _builder_version=&#8221;4.27.4&#8243; _module_preset=&#8221;default&#8221;][et_pb_row _builder_version=&#8221;4.27.4&#8243; _module_preset=&#8221;default&#8221; theme_builder_area=&#8221;post_content&#8221;][et_pb_column _builder_version=&#8221;4.27.4&#8243; _module_preset=&#8221;default&#8221; type=&#8221;4_4&#8243; theme_builder_area=&#8221;post_content&#8221;][et_pb_text _builder_version=&#8221;4.27.4&#8243; _module_preset=&#8221;default&#8221; theme_builder_area=&#8221;post_content&#8221; hover_enabled=&#8221;0&#8243; sticky_enabled=&#8221;0&#8243;]<\/p>\n<p data-start=\"232\" data-end=\"256\" class=\"\"><strong data-start=\"232\" data-end=\"256\">Datenschutzerkl\u00e4rung<\/strong><\/p>\n<p data-start=\"258\" data-end=\"624\" class=\"\"><strong data-start=\"258\" data-end=\"284\">1. Allgemeine Hinweise<\/strong><br data-start=\"284\" data-end=\"287\" \/>Der Schutz Ihrer pers\u00f6nlichen Daten ist uns, der <strong data-start=\"336\" data-end=\"362\">Ruppen Multimedia GmbH<\/strong>, ein wichtiges Anliegen. Wir behandeln Ihre personenbezogenen Daten vertraulich und entsprechend den gesetzlichen Datenschutzvorschriften \u2013 insbesondere dem schweizerischen Datenschutzgesetz (DSG) und der EU-Datenschutzgrundverordnung (DSGVO), soweit anwendbar.<\/p>\n<p data-start=\"626\" data-end=\"811\" class=\"\"><strong data-start=\"626\" data-end=\"655\">2. Verantwortliche Stelle<\/strong><br data-start=\"655\" data-end=\"658\" \/>Ruppen Multimedia GmbH<br data-start=\"680\" data-end=\"683\" \/>Fadenstrasse 20<br data-start=\"698\" data-end=\"701\" \/>6020 Emmenbr\u00fccke<br data-start=\"717\" data-end=\"720\" \/>Schweiz<br data-start=\"727\" data-end=\"730\" \/>E-Mail: info@ruppen.productions<br data-start=\"768\" data-end=\"771\" \/>Telefon: 079 823 92 74<\/p>\n<p data-start=\"813\" data-end=\"1229\" class=\"\"><strong data-start=\"813\" data-end=\"869\">3. Erhebung und Verarbeitung personenbezogener Daten<\/strong><br data-start=\"869\" data-end=\"872\" \/>Ihre Daten werden erhoben, wenn Sie uns diese mitteilen \u2013 z.\u202fB. per Kontaktformular, E-Mail oder Telefon. Dar\u00fcber hinaus werden automatisch Daten erfasst, wenn Sie unsere Website besuchen (z.\u202fB. IP-Adresse, Browsertyp, Uhrzeit des Zugriffs, besuchte Seiten). Diese Daten dienen der technischen Sicherheit sowie der Analyse und Verbesserung unseres Angebots.<\/p>\n<p data-start=\"1231\" data-end=\"1553\" class=\"\"><strong data-start=\"1231\" data-end=\"1260\">4. Verwendung von Cookies<\/strong><br data-start=\"1260\" data-end=\"1263\" \/>Unsere Website verwendet Cookies, um die Nutzererfahrung zu verbessern und bestimmte Funktionen bereitzustellen. Sie k\u00f6nnen Ihren Browser so einstellen, dass er Cookies ablehnt oder Sie vorab informiert. Die Deaktivierung von Cookies kann jedoch die Funktionalit\u00e4t der Website einschr\u00e4nken.<\/p>\n<p data-start=\"1555\" data-end=\"1906\" class=\"\"><strong data-start=\"1555\" data-end=\"1604\">5. Analyse-Tools und Tools von Drittanbietern<\/strong><br data-start=\"1604\" data-end=\"1607\" \/>Wir verwenden Webanalyse-Dienste wie z.\u202fB. <strong data-start=\"1650\" data-end=\"1670\">Google Analytics<\/strong>, um die Nutzung unserer Website statistisch auszuwerten. Diese Dienste setzen Cookies ein und \u00fcbermitteln unter Umst\u00e4nden Daten an Server in den USA. Die IP-Adresse wird in der Regel gek\u00fcrzt und nicht mit anderen Daten zusammengef\u00fchrt.<\/p>\n<p data-start=\"1908\" data-end=\"2161\" class=\"\"><strong data-start=\"1908\" data-end=\"1948\">6. Kontaktformular und Kommunikation<\/strong><br data-start=\"1948\" data-end=\"1951\" \/>Wenn Sie uns \u00fcber das Kontaktformular oder per E-Mail kontaktieren, speichern wir Ihre Angaben (Name, E-Mail, Nachricht) zur Bearbeitung Ihrer Anfrage. Diese Daten geben wir nicht ohne Ihre Einwilligung weiter.<\/p>\n<p data-start=\"2163\" data-end=\"2378\" class=\"\"><strong data-start=\"2163\" data-end=\"2195\">7. Datenweitergabe an Dritte<\/strong><br data-start=\"2195\" data-end=\"2198\" \/>Eine Weitergabe Ihrer Daten an Dritte erfolgt nur, wenn dies zur Vertragserf\u00fcllung erforderlich ist, Sie ausdr\u00fccklich eingewilligt haben oder eine gesetzliche Pflicht dazu besteht.<\/p>\n<p data-start=\"2380\" data-end=\"2588\" class=\"\"><strong data-start=\"2380\" data-end=\"2398\">8. Ihre Rechte<\/strong><br data-start=\"2398\" data-end=\"2401\" \/>Sie haben das Recht auf Auskunft, Berichtigung, L\u00f6schung, Einschr\u00e4nkung der Verarbeitung, Daten\u00fcbertragbarkeit und Widerruf einer Einwilligung. Bitte kontaktieren Sie uns dazu per E-Mail.<\/p>\n<p data-start=\"2590\" data-end=\"2749\" class=\"\"><strong data-start=\"2590\" data-end=\"2612\">9. Datensicherheit<\/strong><br data-start=\"2612\" data-end=\"2615\" \/>Wir setzen technische und organisatorische Sicherheitsmassnahmen ein, um Ihre Daten vor unbefugtem Zugriff und Missbrauch zu sch\u00fctzen.<\/p>\n<p data-start=\"2751\" data-end=\"2938\" class=\"\"><strong data-start=\"2751\" data-end=\"2797\">10. \u00c4nderungen dieser Datenschutzerkl\u00e4rung<\/strong><br data-start=\"2797\" data-end=\"2800\" \/>Wir behalten uns das Recht vor, diese Datenschutzerkl\u00e4rung jederzeit anzupassen. Es gilt die jeweils aktuelle Version auf unserer Website.<\/p>\n<p data-start=\"2940\" data-end=\"2976\" class=\"\"><strong data-start=\"2940\" data-end=\"2950\">Stand: 1.3.2025<\/strong><\/p>\n<p>[\/et_pb_text][et_pb_button button_text=&#8221;zur\u00fcck&#8221; _builder_version=&#8221;4.27.4&#8243; _module_preset=&#8221;default&#8221; theme_builder_area=&#8221;post_content&#8221; button_url=&#8221;@ET-DC@eyJkeW5hbWljIjp0cnVlLCJjb250ZW50IjoicG9zdF9saW5rX3VybF9wYWdlIiwic2V0dGluZ3MiOnsicG9zdF9pZCI6IjQzMCJ9fQ==@&#8221; _dynamic_attributes=&#8221;button_url&#8221; hover_enabled=&#8221;0&#8243; sticky_enabled=&#8221;0&#8243;][\/et_pb_button][\/et_pb_column][\/et_pb_row][\/et_pb_section]<\/p>\n","protected":false},"excerpt":{"rendered":"<p>Datenschutzerkl\u00e4rung 1. Allgemeine HinweiseDer Schutz Ihrer pers\u00f6nlichen Daten ist uns, der Ruppen Multimedia GmbH, ein wichtiges Anliegen. Wir behandeln Ihre personenbezogenen Daten vertraulich und entsprechend den gesetzlichen Datenschutzvorschriften \u2013 insbesondere dem schweizerischen Datenschutzgesetz (DSG) und der EU-Datenschutzgrundverordnung (DSGVO), soweit anwendbar. 2. Verantwortliche StelleRuppen Multimedia GmbHFadenstrasse 206020 Emmenbr\u00fcckeSchweizE-Mail: info@ruppen.productionsTelefon: 079 823 92 74 3. Erhebung und [&hellip;]<\/p>\n","protected":false},"author":1,"featured_media":0,"parent":0,"menu_order":0,"comment_status":"closed","ping_status":"closed","template":"page-template-blank.php","meta":{"_et_pb_use_builder":"on","_et_pb_old_content":"","_et_gb_content_width":"","footnotes":""},"class_list":["post-538","page","type-page","status-publish","hentry"],"_links":{"self":[{"href":"https:\/\/www.ruppen.productions\/index.php?rest_route=\/wp\/v2\/pages\/538","targetHints":{"allow":["GET"]}}],"collection":[{"href":"https:\/\/www.ruppen.productions\/index.php?rest_route=\/wp\/v2\/pages"}],"about":[{"href":"https:\/\/www.ruppen.productions\/index.php?rest_route=\/wp\/v2\/types\/page"}],"author":[{"embeddable":true,"href":"https:\/\/www.ruppen.productions\/index.php?rest_route=\/wp\/v2\/users\/1"}],"replies":[{"embeddable":true,"href":"https:\/\/www.ruppen.productions\/index.php?rest_route=%2Fwp%2Fv2%2Fcomments&post=538"}],"version-history":[{"count":10,"href":"https:\/\/www.ruppen.productions\/index.php?rest_route=\/wp\/v2\/pages\/538\/revisions"}],"predecessor-version":[{"id":550,"href":"https:\/\/www.ruppen.productions\/index.php?rest_route=\/wp\/v2\/pages\/538\/revisions\/550"}],"wp:attachment":[{"href":"https:\/\/www.ruppen.productions\/index.php?rest_route=%2Fwp%2Fv2%2Fmedia&parent=538"}],"curies":[{"name":"wp","href":"https:\/\/api.w.org\/{rel}","templated":true}]}}