{"id":551,"date":"2025-04-25T22:38:35","date_gmt":"2025-04-25T21:38:35","guid":{"rendered":"https:\/\/www.ruppen.productions\/?page_id=551"},"modified":"2026-04-06T12:58:04","modified_gmt":"2026-04-06T11:58:04","slug":"impressum","status":"publish","type":"page","link":"https:\/\/www.ruppen.productions\/?page_id=551","title":{"rendered":"Impressum"},"content":{"rendered":"<p>[et_pb_section fb_built=&#8221;1&#8243; _builder_version=&#8221;4.27.4&#8243; _module_preset=&#8221;default&#8221; global_colors_info=&#8221;{}&#8221;][et_pb_row _builder_version=&#8221;4.27.4&#8243; _module_preset=&#8221;default&#8221; global_colors_info=&#8221;{}&#8221;][et_pb_column type=&#8221;4_4&#8243; _builder_version=&#8221;4.27.4&#8243; _module_preset=&#8221;default&#8221; global_colors_info=&#8221;{}&#8221;][et_pb_text _builder_version=&#8221;4.27.4&#8243; _module_preset=&#8221;default&#8221; global_colors_info=&#8221;{}&#8221;]<\/p>\n<p data-start=\"87\" data-end=\"100\" class=\"\"><strong data-start=\"87\" data-end=\"100\">Impressum<\/strong><\/p>\n<p data-start=\"102\" data-end=\"175\" class=\"\"><strong data-start=\"102\" data-end=\"128\">Ruppen Multimedia GmbH<\/strong><br data-start=\"128\" data-end=\"131\" \/>Fadenstrasse 20<br data-start=\"146\" data-end=\"149\" \/>6020 Emmenbr\u00fccke<br data-start=\"165\" data-end=\"168\" \/>Schweiz<\/p>\n<p data-start=\"177\" data-end=\"324\" class=\"\"><strong data-start=\"177\" data-end=\"210\">Vertretungsberechtigte Person<\/strong><br data-start=\"210\" data-end=\"213\" \/>Ruppen Multimedia GmbH wird vertreten durch:<br data-start=\"257\" data-end=\"260\" \/>Jonas Ruppen<\/p>\n<p data-start=\"326\" data-end=\"432\" class=\"\"><strong data-start=\"326\" data-end=\"337\">Kontakt<\/strong><br data-start=\"337\" data-end=\"340\" \/>Telefon: 079 823 92 74<br data-start=\"362\" data-end=\"365\" \/>E-Mail: <a data-start=\"373\" data-end=\"396\" rel=\"noopener\">info@ruppen.productions<\/a><br data-start=\"396\" data-end=\"399\" \/>Website: <a data-start=\"408\" data-end=\"432\" rel=\"noopener\" target=\"_new\" class=\"\" href=\"http:\/\/www.ruppen-multimedia.ch\">www.ruppen-multimedia.ch<\/a><\/p>\n<p data-start=\"434\" data-end=\"535\" class=\"\"><strong data-start=\"434\" data-end=\"460\">Handelsregistereintrag<\/strong><br data-start=\"460\" data-end=\"463\" \/>Eingetragen im Handelsregister des Kantons Luzern<br data-start=\"512\" data-end=\"515\" \/>UID: CHE-276.631.228<\/p>\n<p data-start=\"537\" data-end=\"584\" class=\"\"><strong data-start=\"537\" data-end=\"561\">Mehrwertsteuernummer<\/strong><br data-start=\"561\" data-end=\"564\" \/>CHE-276.631.228 MWST<\/p>\n<p data-start=\"586\" data-end=\"834\" class=\"\"><strong data-start=\"586\" data-end=\"608\">Haftungsausschluss<\/strong><br data-start=\"608\" data-end=\"611\" \/>Die Ruppen Multimedia GmbH \u00fcbernimmt keine Gew\u00e4hr f\u00fcr die Richtigkeit, Vollst\u00e4ndigkeit und Aktualit\u00e4t der bereitgestellten Informationen. Haftungsanspr\u00fcche, die sich aus der Nutzung der Website ergeben, sind ausgeschlossen.<\/p>\n<p data-start=\"836\" data-end=\"1017\" class=\"\"><strong data-start=\"836\" data-end=\"853\">Urheberrechte<\/strong><br data-start=\"853\" data-end=\"856\" \/>S\u00e4mtliche Inhalte (Texte, Bilder, Videos etc.) auf dieser Website sind urheberrechtlich gesch\u00fctzt und d\u00fcrfen nur mit ausdr\u00fccklicher Genehmigung verwendet werden.<\/p>\n<p>[\/et_pb_text][et_pb_button button_url=&#8221;@ET-DC@eyJkeW5hbWljIjp0cnVlLCJjb250ZW50IjoicG9zdF9saW5rX3VybF9wYWdlIiwic2V0dGluZ3MiOnsicG9zdF9pZCI6IjQzMCJ9fQ==@&#8221; button_text=&#8221;zur\u00fcck&#8221; _builder_version=&#8221;4.27.4&#8243; _dynamic_attributes=&#8221;button_url&#8221; _module_preset=&#8221;default&#8221; global_colors_info=&#8221;{}&#8221;][\/et_pb_button][\/et_pb_column][\/et_pb_row][\/et_pb_section]<\/p>\n","protected":false},"excerpt":{"rendered":"<p>Impressum Ruppen Multimedia GmbHFadenstrasse 206020 Emmenbr\u00fcckeSchweiz Vertretungsberechtigte PersonRuppen Multimedia GmbH wird vertreten durch:Jonas Ruppen KontaktTelefon: 079 823 92 74E-Mail: info@ruppen.productionsWebsite: www.ruppen-multimedia.ch HandelsregistereintragEingetragen im Handelsregister des Kantons LuzernUID: CHE-276.631.228 MehrwertsteuernummerCHE-276.631.228 MWST HaftungsausschlussDie Ruppen Multimedia GmbH \u00fcbernimmt keine Gew\u00e4hr f\u00fcr die Richtigkeit, Vollst\u00e4ndigkeit und Aktualit\u00e4t der bereitgestellten Informationen. Haftungsanspr\u00fcche, die sich aus der Nutzung der Website ergeben, [&hellip;]<\/p>\n","protected":false},"author":1,"featured_media":0,"parent":0,"menu_order":0,"comment_status":"closed","ping_status":"closed","template":"page-template-blank.php","meta":{"_et_pb_use_builder":"on","_et_pb_old_content":"<!-- wp:divi\/placeholder \/-->","_et_gb_content_width":"","footnotes":""},"class_list":["post-551","page","type-page","status-publish","hentry"],"_links":{"self":[{"href":"https:\/\/www.ruppen.productions\/index.php?rest_route=\/wp\/v2\/pages\/551","targetHints":{"allow":["GET"]}}],"collection":[{"href":"https:\/\/www.ruppen.productions\/index.php?rest_route=\/wp\/v2\/pages"}],"about":[{"href":"https:\/\/www.ruppen.productions\/index.php?rest_route=\/wp\/v2\/types\/page"}],"author":[{"embeddable":true,"href":"https:\/\/www.ruppen.productions\/index.php?rest_route=\/wp\/v2\/users\/1"}],"replies":[{"embeddable":true,"href":"https:\/\/www.ruppen.productions\/index.php?rest_route=%2Fwp%2Fv2%2Fcomments&post=551"}],"version-history":[{"count":5,"href":"https:\/\/www.ruppen.productions\/index.php?rest_route=\/wp\/v2\/pages\/551\/revisions"}],"predecessor-version":[{"id":707,"href":"https:\/\/www.ruppen.productions\/index.php?rest_route=\/wp\/v2\/pages\/551\/revisions\/707"}],"wp:attachment":[{"href":"https:\/\/www.ruppen.productions\/index.php?rest_route=%2Fwp%2Fv2%2Fmedia&parent=551"}],"curies":[{"name":"wp","href":"https:\/\/api.w.org\/{rel}","templated":true}]}}